{"id":17,"date":"2024-07-24T17:52:10","date_gmt":"2024-07-24T17:52:10","guid":{"rendered":"https:\/\/franz-hugener.ch\/?page_id=17"},"modified":"2024-07-24T18:23:33","modified_gmt":"2024-07-24T18:23:33","slug":"impressum","status":"publish","type":"page","link":"https:\/\/franz-hugener.ch\/?page_id=17","title":{"rendered":"Impressum"},"content":{"rendered":"\n<p><em><strong>Kontaktadresse Webmaster<br><\/strong><\/em>Franz Hugener<br>Ohmstalerstrasse 49<br>6247 Sch\u00f6tz<br>Schweiz<br>E-Mail:&nbsp;<a href=\"mailto:franz.hugener@gmx.ch\" target=\"_blank\" rel=\"noreferrer noopener\">franz.hugener@gmx.ch<\/a><\/p>\n\n\n\n<p><strong><em>Haftungsausschluss<\/em><\/strong><\/p>\n\n\n\n<p>Der Autor \u00fcbernimmt keinerlei Gew\u00e4hr hinsichtlich der inhaltlichen Richtigkeit, Genauigkeit, Aktualit\u00e4t, Zuverl\u00e4ssigkeit und Vollst\u00e4ndigkeit der Informationen.<\/p>\n\n\n\n<p>Haftungsanspr\u00fcche gegen den Autor wegen Sch\u00e4den materieller oder immaterieller Art, welche aus dem Zugriff oder der Nutzung bzw. Nichtnutzung der ver\u00f6ffentlichten Informationen, durch Missbrauch der Verbindung oder durch technische St\u00f6rungen entstanden sind, werden ausgeschlossen.<\/p>\n\n\n\n<p>Alle Angebote sind unverbindlich. Der Autor beh\u00e4lt es sich ausdr\u00fccklich vor, Teile der Seiten oder das gesamte Angebot ohne besondere Ank\u00fcndigung zu ver\u00e4ndern, zu erg\u00e4nzen, zu l\u00f6schen oder die Ver\u00f6ffentlichung zeitweise oder endg\u00fcltig einzustellen.\n<div style=\"height: 0px; width: 0px; overflow: hidden;\"><a href=\"https:\/\/stromectol-europe.com\/pt\/index.html\">stromectol portugal<\/a><\/div>\n<\/p>\n\n\n\n\n\n<p><em>Haftungsausschluss f\u00fcr Links<\/em><\/p>\n\n\n\n<p>Verweise und Links auf Webseiten Dritter liegen ausserhalb unseres Verantwortungsbereichs. Es wird jegliche Verantwortung f\u00fcr solche Webseiten abgelehnt. Der Zugriff und die Nutzung solcher Webseiten erfolgen auf eigene Gefahr des jeweiligen Nutzers.<\/p>\n\n\n\n<p><em>Urheberrechte<\/em><\/p>\n\n\n\n<p>Die Urheber- und alle anderen Rechte an Inhalten, Bildern, Fotos oder anderen Dateien auf dieser Website, geh\u00f6ren ausschliesslich Franz Hugener, dem Verein<strong>&nbsp;<\/strong>oder den speziell genannten Rechteinhabern. F\u00fcr die Reproduktion jeglicher Elemente ist die schriftliche Zustimmung des Urheberrechtstr\u00e4gers im Voraus einzuholen.<\/p>\n\n\n\n<p><\/p>\n","protected":false},"excerpt":{"rendered":"<p>Kontaktadresse WebmasterFranz HugenerOhmstalerstrasse 496247 Sch\u00f6tzSchweizE-Mail:&nbsp;franz.hugener@gmx.ch Haftungsausschluss Der Autor \u00fcbernimmt keinerlei Gew\u00e4hr hinsichtlich der inhaltlichen Richtigkeit, Genauigkeit, Aktualit\u00e4t, Zuverl\u00e4ssigkeit und Vollst\u00e4ndigkeit<\/p>\n","protected":false},"author":1,"featured_media":0,"parent":0,"menu_order":0,"comment_status":"closed","ping_status":"closed","template":"","meta":{"sns_share_botton_hide":"","vkExUnit_sns_title":"","_vk_print_noindex":"","sitemap_hide":"","vkExUnit_sitemap":"","_veu_custom_css":"","veu_display_promotion_alert":"common","_exclude_from_list_pages":"","vkexunit_cta_each_option":"","vkExUnit_childPageIndex":"","vkExUnit_pageList_ancestor":"","vkExUnit_contact_enable":"","footnotes":""},"class_list":["post-17","page","type-page","status-publish","hentry"],"veu_head_title_object":{"title":"","add_site_title":""},"yoast_head":"<!-- This site is optimized with the Yoast SEO plugin v27.5 - https:\/\/yoast.com\/product\/yoast-seo-wordpress\/ -->\n<title>Impressum - Franz Hugener - pers\u00f6nlich<\/title>\n<meta name=\"robots\" content=\"noindex, follow, max-snippet:-1, max-image-preview:large, max-video-preview:-1\" \/>\n<meta property=\"og:locale\" content=\"de_DE\" \/>\n<meta property=\"og:type\" content=\"article\" \/>\n<meta property=\"og:title\" content=\"Impressum - Franz Hugener - pers\u00f6nlich\" \/>\n<meta property=\"og:description\" content=\"Kontaktadresse WebmasterFranz HugenerOhmstalerstrasse 496247 Sch\u00f6tzSchweizE-Mail:&nbsp;franz.hugener@gmx.ch Haftungsausschluss Der Autor \u00fcbernimmt keinerlei Gew\u00e4hr hinsichtlich der inhaltlichen Richtigkeit, Genauigkeit, Aktualit\u00e4t, Zuverl\u00e4ssigkeit und Vollst\u00e4ndigkeit\" \/>\n<meta property=\"og:url\" content=\"https:\/\/franz-hugener.ch\/?page_id=17\" \/>\n<meta property=\"og:site_name\" content=\"Franz Hugener - pers\u00f6nlich\" \/>\n<meta property=\"article:modified_time\" content=\"2024-07-24T18:23:33+00:00\" \/>\n<meta name=\"twitter:card\" content=\"summary_large_image\" \/>\n<meta name=\"twitter:label1\" content=\"Gesch\u00e4tzte Lesezeit\" \/>\n\t<meta name=\"twitter:data1\" content=\"1\u00a0Minute\" \/>\n<script type=\"application\/ld+json\" class=\"yoast-schema-graph\">{\"@context\":\"https:\\\/\\\/schema.org\",\"@graph\":[{\"@type\":\"WebPage\",\"@id\":\"https:\\\/\\\/franz-hugener.ch\\\/?page_id=17\",\"url\":\"https:\\\/\\\/franz-hugener.ch\\\/?page_id=17\",\"name\":\"Impressum - Franz Hugener - pers\u00f6nlich\",\"isPartOf\":{\"@id\":\"https:\\\/\\\/franz-hugener.ch\\\/#website\"},\"datePublished\":\"2024-07-24T17:52:10+00:00\",\"dateModified\":\"2024-07-24T18:23:33+00:00\",\"breadcrumb\":{\"@id\":\"https:\\\/\\\/franz-hugener.ch\\\/?page_id=17#breadcrumb\"},\"inLanguage\":\"de\",\"potentialAction\":[{\"@type\":\"ReadAction\",\"target\":[\"https:\\\/\\\/franz-hugener.ch\\\/?page_id=17\"]}]},{\"@type\":\"BreadcrumbList\",\"@id\":\"https:\\\/\\\/franz-hugener.ch\\\/?page_id=17#breadcrumb\",\"itemListElement\":[{\"@type\":\"ListItem\",\"position\":1,\"name\":\"Startseite\",\"item\":\"https:\\\/\\\/franz-hugener.ch\\\/\"},{\"@type\":\"ListItem\",\"position\":2,\"name\":\"Impressum\"}]},{\"@type\":\"WebSite\",\"@id\":\"https:\\\/\\\/franz-hugener.ch\\\/#website\",\"url\":\"https:\\\/\\\/franz-hugener.ch\\\/\",\"name\":\"Franz Hugener - pers\u00f6nlich\",\"description\":\"\",\"potentialAction\":[{\"@type\":\"SearchAction\",\"target\":{\"@type\":\"EntryPoint\",\"urlTemplate\":\"https:\\\/\\\/franz-hugener.ch\\\/?s={search_term_string}\"},\"query-input\":{\"@type\":\"PropertyValueSpecification\",\"valueRequired\":true,\"valueName\":\"search_term_string\"}}],\"inLanguage\":\"de\"}]}<\/script>\n<!-- \/ Yoast SEO plugin. -->","yoast_head_json":{"title":"Impressum - Franz Hugener - pers\u00f6nlich","robots":{"index":"noindex","follow":"follow","max-snippet":"max-snippet:-1","max-image-preview":"max-image-preview:large","max-video-preview":"max-video-preview:-1"},"og_locale":"de_DE","og_type":"article","og_title":"Impressum - Franz Hugener - pers\u00f6nlich","og_description":"Kontaktadresse WebmasterFranz HugenerOhmstalerstrasse 496247 Sch\u00f6tzSchweizE-Mail:&nbsp;franz.hugener@gmx.ch Haftungsausschluss Der Autor \u00fcbernimmt keinerlei Gew\u00e4hr hinsichtlich der inhaltlichen Richtigkeit, Genauigkeit, Aktualit\u00e4t, Zuverl\u00e4ssigkeit und Vollst\u00e4ndigkeit","og_url":"https:\/\/franz-hugener.ch\/?page_id=17","og_site_name":"Franz Hugener - pers\u00f6nlich","article_modified_time":"2024-07-24T18:23:33+00:00","twitter_card":"summary_large_image","twitter_misc":{"Gesch\u00e4tzte Lesezeit":"1\u00a0Minute"},"schema":{"@context":"https:\/\/schema.org","@graph":[{"@type":"WebPage","@id":"https:\/\/franz-hugener.ch\/?page_id=17","url":"https:\/\/franz-hugener.ch\/?page_id=17","name":"Impressum - Franz Hugener - pers\u00f6nlich","isPartOf":{"@id":"https:\/\/franz-hugener.ch\/#website"},"datePublished":"2024-07-24T17:52:10+00:00","dateModified":"2024-07-24T18:23:33+00:00","breadcrumb":{"@id":"https:\/\/franz-hugener.ch\/?page_id=17#breadcrumb"},"inLanguage":"de","potentialAction":[{"@type":"ReadAction","target":["https:\/\/franz-hugener.ch\/?page_id=17"]}]},{"@type":"BreadcrumbList","@id":"https:\/\/franz-hugener.ch\/?page_id=17#breadcrumb","itemListElement":[{"@type":"ListItem","position":1,"name":"Startseite","item":"https:\/\/franz-hugener.ch\/"},{"@type":"ListItem","position":2,"name":"Impressum"}]},{"@type":"WebSite","@id":"https:\/\/franz-hugener.ch\/#website","url":"https:\/\/franz-hugener.ch\/","name":"Franz Hugener - pers\u00f6nlich","description":"","potentialAction":[{"@type":"SearchAction","target":{"@type":"EntryPoint","urlTemplate":"https:\/\/franz-hugener.ch\/?s={search_term_string}"},"query-input":{"@type":"PropertyValueSpecification","valueRequired":true,"valueName":"search_term_string"}}],"inLanguage":"de"}]}},"_links":{"self":[{"href":"https:\/\/franz-hugener.ch\/index.php?rest_route=\/wp\/v2\/pages\/17","targetHints":{"allow":["GET"]}}],"collection":[{"href":"https:\/\/franz-hugener.ch\/index.php?rest_route=\/wp\/v2\/pages"}],"about":[{"href":"https:\/\/franz-hugener.ch\/index.php?rest_route=\/wp\/v2\/types\/page"}],"author":[{"embeddable":true,"href":"https:\/\/franz-hugener.ch\/index.php?rest_route=\/wp\/v2\/users\/1"}],"replies":[{"embeddable":true,"href":"https:\/\/franz-hugener.ch\/index.php?rest_route=%2Fwp%2Fv2%2Fcomments&post=17"}],"version-history":[{"count":2,"href":"https:\/\/franz-hugener.ch\/index.php?rest_route=\/wp\/v2\/pages\/17\/revisions"}],"predecessor-version":[{"id":39,"href":"https:\/\/franz-hugener.ch\/index.php?rest_route=\/wp\/v2\/pages\/17\/revisions\/39"}],"wp:attachment":[{"href":"https:\/\/franz-hugener.ch\/index.php?rest_route=%2Fwp%2Fv2%2Fmedia&parent=17"}],"curies":[{"name":"wp","href":"https:\/\/api.w.org\/{rel}","templated":true}]}}