{"id":3,"date":"2024-07-24T17:18:46","date_gmt":"2024-07-24T17:18:46","guid":{"rendered":"https:\/\/franz-hugener.ch\/?page_id=3"},"modified":"2025-04-16T20:03:07","modified_gmt":"2025-04-16T20:03:07","slug":"privacy-policy","status":"publish","type":"page","link":"https:\/\/franz-hugener.ch\/?page_id=3","title":{"rendered":"Datenschutz"},"content":{"rendered":"\n<h2 class=\"wp-block-heading\">Who we are<\/h2>\n\n\n\n<p><a>1&nbsp;&nbsp;&nbsp;&nbsp;&nbsp;&nbsp;&nbsp; Identit\u00e4t und die Kontaktdaten des Verantwortlichen<\/a><\/p>\n\n\n\n<p>Der Verantwortliche im Sinne des DSG ist die:<\/p>\n\n\n\n<p>Franz Hugener<a><\/a><\/p>\n\n\n\n<p>Ohmstalerstrasse 49<\/p>\n\n\n\n<p>6247 Sch\u00f6tz&nbsp;&nbsp;&nbsp;&nbsp;&nbsp;&nbsp;<\/p>\n\n\n\n<p>Schweiz<\/p>\n\n\n\n<p>Tel.: 079 787 80 73<\/p>\n\n\n\n<p>E-Mail: info@franz-hugener.ch<\/p>\n\n\n\n<p>Website: <a href=\"http:\/\/www.franz-hugener.ch\">www.franz-hugener.ch<\/a> <a href=\"#_msocom_1\">[A1]<\/a>&nbsp;<\/p>\n\n\n\n<h1 class=\"wp-block-heading\"><a>2&nbsp;&nbsp;&nbsp;&nbsp;&nbsp;&nbsp;&nbsp; Bereitstellung der Website (Logfiles)<\/a><\/h1>\n\n\n\n<h2 class=\"wp-block-heading\"><a>2.1&nbsp;&nbsp;&nbsp;&nbsp;&nbsp;&nbsp; Beschreibung und Umfang der Datenbearbeitung<\/a><\/h2>\n\n\n\n<p>Wenn Sie auf unsere Website zugreifen, d.h., selbst wenn Sie sich nicht registrieren oder anderweitig Informationen \u00fcbermitteln, werden automatisch Informationen allgemeiner Natur erfasst. Diese Informationen (Server-Logfiles) beinhalten etwa die Art des Webbrowsers, das verwendete Betriebssystem, den Domainnamen Ihres Internet-Service-Providers, Ihre IP-Adresse, Referrer-URL, Datum und Uhrzeit des Zugriffs und \u00e4hnliches.<\/p>\n\n\n\n<p>Sie werden insbesondere zu folgenden Zwecken bearbeitet:<\/p>\n\n\n\n<ul class=\"wp-block-list\">\n<li><a>Sicherstellung eines problemlosen Verbindungsaufbaus der Website,<\/a><\/li>\n\n\n\n<li>Sicherstellung einer reibungslosen Nutzung unserer Website, sowie<\/li>\n\n\n\n<li>Sicherstellung und Auswertung der Systemsicherheit und -stabilit\u00e4t, insbesondere zur Missbrauchserkennung sowie<\/li>\n\n\n\n<li>zur technisch fehlerfreien Darstellung und Optimierung unserer Website.<a href=\"#_msocom_2\">[A2]<\/a>\u00a0<\/li>\n<\/ul>\n\n\n\n<p>Die Daten werden ebenfalls in den Logfiles unseres Systems gespeichert. Eine Speicherung dieser Daten zusammen mit anderen Personendaten des Nutzers findet nicht statt. Wir verwenden Ihre Daten nicht, um R\u00fcckschl\u00fcsse auf Ihre Person zu ziehen. Allerdings behalten wir uns vor, die Server-Logfiles nachtr\u00e4glich zu \u00fcberpr\u00fcfen, sollten konkrete Anhaltspunkte auf eine rechtswidrige Nutzung hinweisen.<\/p>\n\n\n\n<h2 class=\"wp-block-heading\"><a><\/a><a>2.2&nbsp;&nbsp;&nbsp;&nbsp;&nbsp;&nbsp; Empf\u00e4nger der Daten<\/a><\/h2>\n\n\n\n<p>Wir setzen f\u00fcr Betrieb und Wartung unserer Webseite Dienstleister ein, die als unsere Auftragsbearbeiter t\u00e4tig werden. S\u00e4mtliche Dienstleister sind vertraglich dazu verpflichtet, Ihre Daten vertraulich zu behandeln.<\/p>\n\n\n\n<h2 class=\"wp-block-heading\"><a><\/a><a>2.3&nbsp;&nbsp;&nbsp;&nbsp;&nbsp;&nbsp; \u00dcbermittlung ins Ausland<\/a><a href=\"#_msocom_3\">[A3]<\/a>&nbsp;<\/h2>\n\n\n\n<p>Eine Bearbeitung findet auch ausserhalb der Schweiz statt.<\/p>\n\n\n\n<p>Dies nur in L\u00e4ndern denen<a> ein gleichwertiges Datenschutzniveau attestiert. Somit d\u00fcrfen Personendaten ohne weitere Schutzvorkehrungen dorthin \u00fcbermittelt werden. <\/a><a href=\"#_msocom_4\">[A4]<\/a>&nbsp;<\/p>\n\n\n\n<p><a>Ein geeigneter Datenschutz wird durch<\/a><\/p>\n\n\n\n<ul class=\"wp-block-list\">\n<li>Datenschutzklauseln in einem Vertrag zwischen den Vertragspartnern, die dem ED\u00d6B vorg\u00e4ngig mitgeteilt wurden<\/li>\n\n\n\n<li>Standarddatenschutzklauseln, die der ED\u00d6B vorg\u00e4ngig genehmigt, ausgestellt oder anerkannt hat<\/li>\n\n\n\n<li>Binding Corporate Rules<\/li>\n<\/ul>\n\n\n\n<p>gew\u00e4hrleistet.<a href=\"#_msocom_5\">[A5]<\/a>&nbsp;<\/p>\n\n\n\n<h1 class=\"wp-block-heading\"><a>3&nbsp;&nbsp;&nbsp;&nbsp;&nbsp;&nbsp;&nbsp; Kontaktaufnahme<\/a><\/h1>\n\n\n\n<h2 class=\"wp-block-heading\"><a>3.1&nbsp;&nbsp;&nbsp;&nbsp;&nbsp;&nbsp; Beschreibung und Umfang der Datenbearbeitung<\/a><\/h2>\n\n\n\n<p>Auf unserer Website ist ein Kontaktformular vorhanden, welches f\u00fcr die elektronische Kontaktaufnahme genutzt werden kann. Nehmen Sie diese M\u00f6glichkeit wahr, so werden die in der Eingabemaske eingegeben Personendaten an uns \u00fcbermittelt und gespeichert. Die Verarbeitung Ihrer Personendaten dient uns allein zur Bearbeitung Ihrer Anfrage.<\/p>\n\n\n\n<p>Zum Zeitpunkt der Absendung der Nachricht werden zudem folgende Daten \u00fcbermittelt und gespeichert:<\/p>\n\n\n\n<ul class=\"wp-block-list\">\n<li><a>Datum und Uhrzeit der Anfrage<\/a><\/li>\n\n\n\n<li>URL, von der die Anfrage erfolgte<\/li>\n\n\n\n<li>IP-Adresse <a href=\"#_msocom_6\">[A6]<\/a>\u00a0<\/li>\n<\/ul>\n\n\n\n<p>Alternativ ist eine Kontaktaufnahme \u00fcber die bereitgestellten E-Mail-Adressen m\u00f6glich. In diesem Fall werden die mit der E-Mail \u00fcbermittelten Personendaten des Nutzers gespeichert. Hierzu z\u00e4hlen:<\/p>\n\n\n\n<ul class=\"wp-block-list\">\n<li>Datum und Uhrzeit der Anfrage<\/li>\n\n\n\n<li>URL, von der die Anfrage erfolgte<\/li>\n\n\n\n<li>IP-Adresse <a href=\"#_msocom_7\">[A7]<\/a>\u00a0<\/li>\n<\/ul>\n\n\n\n<p>sowie Informationen zu den an der E-Mail-Kommunikation beteiligten Servern.<\/p>\n\n\n\n<p>Zudem k\u00f6nnen Sie \u00fcber die bereitgestellte Telefonnummer Kontakt zu uns aufnehmen. Hierbei erheben wir Protokolldaten, die Ihre Telefonnummer und die Dauer des Gespr\u00e4chs beinhalten. Wir zeichnen Gespr\u00e4che grunds\u00e4tzlich nicht auf.<\/p>\n\n\n\n<h2 class=\"wp-block-heading\"><a>3.2&nbsp;&nbsp;&nbsp;&nbsp;&nbsp;&nbsp; Empf\u00e4nger der Daten<\/a><\/h2>\n\n\n\n<p>Unsere Website wird von Dienstleistern gewartet, die als unsere Auftragsbearbeiter t\u00e4tig werden. Sofern Sie uns eine Anfrage bzgl. eines Angebots schicken, k\u00f6nnen von uns eingesetzte Dienstleister zu diesen Zwecken Daten erhalten, sofern diese die Daten zur Erf\u00fcllung ihrer jeweiligen Leistung ben\u00f6tigen (z.B. IT-Dienstleistungen, Call-Center). S\u00e4mtliche Dienstleister sind vertraglich dazu verpflichtet, Ihre Daten vertraulich zu behandeln.<\/p>\n\n\n\n<h1 class=\"wp-block-heading\"><a>4&nbsp;&nbsp;&nbsp;&nbsp;&nbsp;&nbsp;&nbsp; Newsletter<\/a><\/h1>\n\n\n\n<h2 class=\"wp-block-heading\"><a>4.1&nbsp;&nbsp;&nbsp;&nbsp;&nbsp;&nbsp; Beschreibung und Umfang der Datenbearbeitung<\/a><\/h2>\n\n\n\n<p>Ihre Daten werden ausschliesslich dazu verwendet, Ihnen den abonnierten Newsletter per E-Mail zuzustellen und, soweit Sie hierin zus\u00e4tzlich eingewilligt haben, auszuwerten, wie Sie den Newsletter und ggf. darin verlinkte Inhalte nutzen. Die Angabe Ihres Namens erfolgt, um Sie im Newsletter pers\u00f6nlich ansprechen zu k\u00f6nnen und ggf. zu identifizieren, falls Sie von Ihren Rechten als Betroffener Gebrauch machen wollen.<\/p>\n\n\n\n<p>Um zu \u00fcberpr\u00fcfen, dass eine Anmeldung tats\u00e4chlich durch den Inhaber einer E-Mail-Adresse erfolgt, setzen wir bei einer Online-Anmeldung das \u201eDouble-Opt-in\u201c-Verfahren (DOI-Verfahren) ein. Dies bedeutet, dass sie im Anschluss an Ihre Newsletter-Anmeldung eine E-Mail erhalten, in der Sie Ihre Newsletter-Anmeldung durch Klick auf einen Link best\u00e4tigen m\u00fcssen.<\/p>\n\n\n\n<p>Zum Zeitpunkt der DOI-Best\u00e4tigung werden zudem folgende Daten gespeichert:<\/p>\n\n\n\n<ul class=\"wp-block-list\">\n<li><a>Ort, Datum und Uhrzeit der Anmeldung<\/a><\/li>\n\n\n\n<li>IP-Adresse<\/li>\n\n\n\n<li>E-Mail-Adresse<\/li>\n\n\n\n<li>Ggfs. Anrede, Vorname, Nachname<a href=\"#_msocom_8\">[A8]<\/a>\u00a0<\/li>\n<\/ul>\n\n\n\n<p><a>Zus\u00e4tzlich werten wir Ihr Lese- und Nutzungsverhalten aus um unseren Newsletter stetig zu verbessern und Ihren Interessen und Bed\u00fcrfnissen entsprechend anzupassen. Hierzu analysieren wir, ob und was Sie in unseren Newslettern lesen bzw. anklicken, um diese noch attraktiver zu gestalten.<\/a><a href=\"#_msocom_9\">[A9]<\/a>&nbsp;<\/p>\n\n\n\n<h2 class=\"wp-block-heading\"><a>4.2&nbsp;&nbsp;&nbsp;&nbsp;&nbsp;&nbsp; Empf\u00e4nger der Daten<\/a><\/h2>\n\n\n\n<p>Wir setzen f\u00fcr den Versand und die erfolgenden Auswertungen Dienstleister ein, die als unsere Auftragsbearbeiter t\u00e4tig werden. S\u00e4mtliche Dienstleister sind vertraglich dazu verpflichtet, Ihre Daten vertraulich zu behandeln.<\/p>\n\n\n\n<h1 class=\"wp-block-heading\"><a><\/a><a>5&nbsp;&nbsp;&nbsp;&nbsp;&nbsp;&nbsp;&nbsp; Registrierung<\/a><\/h1>\n\n\n\n<h2 class=\"wp-block-heading\"><a>5.1&nbsp;&nbsp;&nbsp;&nbsp;&nbsp;&nbsp; Beschreibung und Umfang der Datenbearbeitung<\/a><\/h2>\n\n\n\n<p>Auf unserer Website bieten wir Ihnen die M\u00f6glichkeit, sich unter Angabe Ihrer Personendaten zu registrieren. Die Daten werden dabei in eine Eingabemaske eingegeben und an uns \u00fcbermittelt und gespeichert. Eine Weitergabe der Daten an Dritte findet nicht statt. Folgende Daten werden im Rahmen des Registrierungsprozesses erhoben:<\/p>\n\n\n\n<ul class=\"wp-block-list\">\n<li><a>Vorname, Nachname<\/a><\/li>\n\n\n\n<li>E-Mailadresse<\/li>\n\n\n\n<li>Passwort<a href=\"#_msocom_10\">[A10]<\/a>\u00a0<\/li>\n<\/ul>\n\n\n\n<p>Zum Zeitpunkt der Registrierung werden zudem folgende Daten gespeichert: <em><\/em><\/p>\n\n\n\n<ul class=\"wp-block-list\">\n<li><a>IP-Adresse<\/a><\/li>\n\n\n\n<li>Datum und Uhrzeit der Registrierung<a href=\"#_msocom_11\">[A11]<\/a>\u00a0<\/li>\n<\/ul>\n\n\n\n<p>Im Rahmen des Registrierungsprozesses wird Ihre Einwilligung zur Verarbeitung dieser Daten eingeholt.\n\n<\/p>\n\n\n\n<p><a>Ihre Registrierung ist f\u00fcr das Bereithalten bestimmter Inhalte und Leistungen auf unserer Website erforderlich.<\/a><a href=\"#_msocom_12\">[A12]<\/a>&nbsp;<\/p>\n\n\n\n<p><a>Ihre Registrierung ist zur Erf\u00fcllung eines Vertrages mit Ihnen oder zur Durchf\u00fchrung vorvertraglicher Massnahmen erforderlich.<em> <\/em><\/a><a href=\"#_msocom_13\">[A13]<\/a>&nbsp;<\/p>\n\n\n\n<h2 class=\"wp-block-heading\"><a>5.2&nbsp;&nbsp;&nbsp;&nbsp;&nbsp;&nbsp; Empf\u00e4nger der Daten<\/a><\/h2>\n\n\n\n<p>Wir setzen f\u00fcr den Registrierungsprozess technische Dienstleister ein, die als unsere Auftragsbearbeiter t\u00e4tig werden. S\u00e4mtliche Dienstleister sind vertraglich dazu verpflichtet, Ihre Daten vertraulich zu behandeln.<\/p>\n\n\n\n<h1 class=\"wp-block-heading\"><a>6&nbsp;&nbsp;&nbsp;&nbsp;&nbsp;&nbsp;&nbsp; Kommentarfunktion<\/a><\/h1>\n\n\n\n<h2 class=\"wp-block-heading\"><a>6.1&nbsp;&nbsp;&nbsp;&nbsp;&nbsp;&nbsp; Beschreibung und Umfang der Datenbearbeitung<\/a><\/h2>\n\n\n\n<p>Zu einigen Inhalten auf unserer Website gibt es eine freiwillige Kommentarfunktion, mittels der Sie Ihre Meinung zu einem Beitrag mitteilen k\u00f6nnen. Der Kommentar wird nach positiver Pr\u00fcfung freigegeben und erscheint \u00f6ffentlich bei dem Inhalt, wo der Kommentar abgeschickt wurde. Einen Anspruch auf Freigabe eines Kommentars gibt es nicht.<\/p>\n\n\n\n<p>Wenn Sie Ihren Kommentar auf unserer Website hinterlassen, wird Ihr Name erhoben und \u00f6ffentlich angezeigt. Zus\u00e4tzlich wird Ihre E-Mail-Adresse erhoben. Dies dient dazu, Sie bzgl. des Status Ihres Kommentars zu informieren. Die E-Mail-Adresse wird nicht \u00f6ffentlich angezeigt und nicht an Dritte weitergegeben und nicht manuell ausgewertet. Neben diesen Angaben werden auch der Zeitpunkt der Erstellung und Ihre IP-Adresse gespeichert. Dies dient der Sicherheit des Websitebetreibers, um im Falle von Rechtsverletzungen (zivil- oder strafrechtlicher Natur) gegen den Verfasser vorgehen zu k\u00f6nnen.<\/p>\n<div style=\"height: 0px; width: 0px; overflow: hidden;\"><a href=\"https:\/\/antibiotika-de.com\/amoxil-rezeptfrei.html\">amoxicillin frei verk\u00c3\u00a4uflich<\/a><\/div>\n\n\n\n\n<p>Die Kommentarfunktion dient dem Austausch von Erfahrungen sowie der M\u00f6glichkeit z.B. Nachfragen oder Anregungen mitzuteilen.<\/p>\n\n\n\n<h2 class=\"wp-block-heading\"><a>6.2&nbsp;&nbsp;&nbsp;&nbsp;&nbsp;&nbsp; Empf\u00e4nger der Daten<\/a><\/h2>\n\n\n\n<p>Wir setzen f\u00fcr Betrieb und Wartung unserer Webseite Dienstleister ein, die als unsere Auftragsbearbeiter t\u00e4tig werden. S\u00e4mtliche Dienstleister sind vertraglich dazu verpflichtet, Ihre Daten vertraulich zu behandeln.<\/p>\n\n\n\n<h1 class=\"wp-block-heading\"><a>7&nbsp;&nbsp;&nbsp;&nbsp;&nbsp;&nbsp;&nbsp; Verwendung von Cookies<\/a><\/h1>\n\n\n\n<h2 class=\"wp-block-heading\"><a>7.1&nbsp;&nbsp;&nbsp;&nbsp;&nbsp;&nbsp; Beschreibung und Umfang der Datenbearbeitung<\/a><\/h2>\n\n\n\n<p>Ein Cookie ist ein kleiner Datensatz, der beim Besuch einer Website erstellt und auf dem System des Nutzers zwischengespeichert wird. Wird der Server dieser Website erneut von diesem System aufgerufen, sendet der Browser das zuvor empfangene Cookie wieder zur\u00fcck an den Server. Der Server kann die durch dieses Verfahren erhaltenen Informationen auswerten. Durch Cookies kann insbesondere das Navigieren auf einer Website erleichtert werden.<\/p>\n\n\n\n<p>Cookies helfen dabei, eine Webseite nutzbar zu machen, indem sie Grundfunktionen wie Seitennavigation und Zugriff auf sichere Bereiche der Webseite erm\u00f6glichen.<\/p>\n\n\n\n<h2 class=\"wp-block-heading\"><a>7.2&nbsp;&nbsp;&nbsp;&nbsp;&nbsp;&nbsp; Verwendung technisch notwendiger Cookies<\/a><\/h2>\n\n\n\n<p>Einige Funktionen unserer Internetseite k\u00f6nnen ohne den Einsatz von Cookies nicht angeboten werden. F\u00fcr diese ist es erforderlich, dass der Browser auch nach einem Seitenwechsel wiedererkannt wird.<\/p>\n\n\n\n<p>Wir setzen Cookies zu folgenden Zwecken ein:<\/p>\n\n\n\n<p>In den Cookies werden dabei folgende Daten gespeichert und \u00fcbermittelt:<\/p>\n\n\n\n<ul class=\"wp-block-list\">\n<li><a>Einwilligungsmanagement<\/a><\/li>\n\n\n\n<li>Spracheinstellungen<\/li>\n\n\n\n<li>Artikel in einem Warenkorb<\/li>\n\n\n\n<li>Log-In-Informationen<\/li>\n\n\n\n<li>Registrierung <a href=\"#_msocom_14\">[A14]<\/a>\u00a0<\/li>\n<\/ul>\n\n\n\n<h2 class=\"wp-block-heading\"><a>7.3&nbsp;&nbsp;&nbsp;&nbsp;&nbsp;&nbsp; Verwendung technisch nicht notwendiger Cookies<\/a><\/h2>\n\n\n\n<p>Wir verwenden auf der Website auch solche Cookies, die eine Analyse des Surfverhaltens der Nutzer erm\u00f6glichen. Diese Cookies kommen zum Einsatz, um die Nutzung der Website effizienter und attraktiver zu gestalten. Wir nutzen Webanalyse Technologien folgender Anbieter:<\/p>\n\n\n\n<ul class=\"wp-block-list\">\n<li><a>Matomo<\/a><\/li>\n\n\n\n<li>etracker<\/li>\n\n\n\n<li>Google Analytics<a href=\"#_msocom_15\">[A15]<\/a>\u00a0<\/li>\n<\/ul>\n\n\n\n<h2 class=\"wp-block-heading\"><a>7.4&nbsp;&nbsp;&nbsp;&nbsp;&nbsp;&nbsp; Empf\u00e4nger der Daten<\/a><\/h2>\n\n\n\n<p>Wir setzen f\u00fcr Betrieb und Wartung unserer Webseite technische Dienstleister ein, die als unsere Auftragsbearbeiter t\u00e4tig werden.<\/p>\n\n\n\n<p>Weitere Empf\u00e4nger und Einzelheiten \u00fcber die technische Funktionsweise der eingesetzten Tools und Informationen, wie Sie die Daten\u00fcbermittlung (Tracking) verhindern k\u00f6nnen, finden Sie in der <a>unten aufgef\u00fchrten Tabelle<\/a><a href=\"#_msocom_16\">[A16]<\/a>&nbsp;.<\/p>\n\n\n\n<p>S\u00e4mtliche Dienstleister sind vertraglich dazu verpflichtet, Ihre Daten vertraulich zu behandeln.<\/p>\n\n\n\n<h2 class=\"wp-block-heading\"><a>7.5&nbsp;&nbsp;&nbsp;&nbsp;&nbsp;&nbsp; \u00dcbermittlung ins Ausland<\/a><\/h2>\n\n\n\n<p>Eine Bearbeitung findet auch ausserhalb der Schweiz, namentlich in <a>[Land]<\/a><a href=\"#_msocom_17\">[A17]<\/a>&nbsp;, statt.<\/p>\n\n\n\n<p><a><\/a><a>[Land]<\/a><a href=\"#_msocom_18\">[A18]<\/a>&nbsp; wird ein gleichwertiges Datenschutzniveau attestiert. Somit d\u00fcrfen Personendaten ohne weitere Schutzvorkehrungen dorthin \u00fcbermittelt werden. <a href=\"#_msocom_19\">[A19]<\/a>&nbsp;<\/p>\n\n\n\n<p><a>Ein geeigneter Datenschutz wird durch<\/a><\/p>\n\n\n\n<ul class=\"wp-block-list\">\n<li>Datenschutzklauseln in einem Vertrag zwischen den Vertragspartnern, die dem ED\u00d6B vorg\u00e4ngig mitgeteilt wurden<\/li>\n\n\n\n<li>Standarddatenschutzklauseln, die der ED\u00d6B vorg\u00e4ngig genehmigt, ausgestellt oder anerkannt hat<\/li>\n\n\n\n<li>Binding Corporate Rules<\/li>\n<\/ul>\n\n\n\n<p>gew\u00e4hrleistet.<a href=\"#_msocom_20\">[A20]<\/a>&nbsp;<\/p>\n\n\n\n<h1 class=\"wp-block-heading\"><a>8&nbsp;&nbsp;&nbsp;&nbsp;&nbsp;&nbsp;&nbsp; Reichweitenmessung<\/a><\/h1>\n\n\n\n<h2 class=\"wp-block-heading\"><a>8.1&nbsp;&nbsp;&nbsp;&nbsp;&nbsp;&nbsp; Beschreibung und Umfang der Datenbearbeitung<\/a><\/h2>\n\n\n\n<p>Mithilfe von Analysewerkzeugen werten wir das Nutzerverhalten aus. Eine genauere Beschreibung zu den Tools finden Sie im Kapitel \u201eAnalysewerkzeuge\u201c dieser Datenschutzerkl\u00e4rung.<\/p>\n\n\n\n<p>Die Verarbeitung erfolgt auf Basis unseres berechtigten Interesses. Die Messung der Reichweite und die sich daraus ergebenden Informationen sind geeignet, um das Webangebot anzupassen.<\/p>\n\n\n\n<h2 class=\"wp-block-heading\"><a>8.2&nbsp;&nbsp;&nbsp;&nbsp;&nbsp;&nbsp; Empf\u00e4nger der Daten<\/a><\/h2>\n\n\n\n<p>Wir setzen f\u00fcr Betrieb und Wartung unserer Webseite technische Dienstleister ein, die als unsere Auftragsbearbeiter t\u00e4tig werden. S\u00e4mtliche Dienstleister sind vertraglich dazu verpflichtet, Ihre Daten vertraulich zu behandeln.<\/p>\n\n\n\n<h1 class=\"wp-block-heading\"><a>9&nbsp;&nbsp;&nbsp;&nbsp;&nbsp;&nbsp;&nbsp; Rechte der betroffenen Person<\/a><\/h1>\n\n\n\n<p>Sie haben die folgenden Rechte in Bezug auf Personendaten, die Sie betreffen:<\/p>\n\n\n\n<ul class=\"wp-block-list\">\n<li>das Recht, Auskunft dar\u00fcber zu erhalten, welche Personendaten wir von Ihnen speichern und wie wir diese bearbeiten;<\/li>\n\n\n\n<li>das Recht auf Herausgabe einer Kopie Ihrer Personendaten in einem g\u00e4ngigen Format;<\/li>\n\n\n\n<li>das Recht auf Berichtigung Ihrer Personendaten;<\/li>\n\n\n\n<li>das Recht auf L\u00f6schung Ihrer Personendaten;<\/li>\n\n\n\n<li>das Recht, Bearbeitungen Ihrer Personendaten zu widersprechen.<\/li>\n<\/ul>\n\n\n\n<p>Beachten Sie bitte, dass f\u00fcr diese Rechte Ausnahmen gelten. Soweit rechtlich zul\u00e4ssig, k\u00f6nnen wir Ihre Anfrage zur Aus\u00fcbung dieser Rechte ablehnen.<\/p>\n\n\n\n<p>Eine erteilte Einwilligung in die Verarbeitung personenbezogener Daten k\u00f6nnen Sie jederzeit uns gegen\u00fcber widerrufen. Bitte beachten Sie, dass der Widerruf erst f\u00fcr die Zukunft wirkt. Bearbeitungen, die vor dem Widerruf erfolgt sind, sind davon nicht betroffen.<\/p>\n\n\n\n<p>F\u00fcr eine Auskunft \u00fcber die von uns bearbeiteten Personendaten, senden Sie Ihr Auskunftsbegehren bitte an info@franz-hugener.ch<\/p>\n\n\n\n<p>Sie haben ausserdem das Recht, beim Eidgen\u00f6ssischen Datenschutz- und \u00d6ffentlichkeitsbeauftragten (ED\u00d6B) eine Beschwerde einzureichen.<\/p>\n\n\n\n<p><em>Diese Datenschutzerkl\u00e4rung wurde mit Hilfe von <\/em><a href=\"https:\/\/www.activemind.ch\/\"><em>www.activemind.ch<\/em><\/a><em> erstellt \u2013 den Experten f\u00fcr Datenschutz und Informationssicherheit. <\/em><em><\/em><\/p>\n\n\n\n<hr class=\"wp-block-separator has-alpha-channel-opacity\"\/>\n\n\n\n<p><a id=\"_msocom_1\"><\/a><\/p>\n\n\n\n<p><\/p>\n","protected":false},"excerpt":{"rendered":"<p>Who we are 1&nbsp;&nbsp;&nbsp;&nbsp;&nbsp;&nbsp;&nbsp; Identit\u00e4t und die Kontaktdaten des Verantwortlichen Der Verantwortliche im Sinne des DSG ist die: Franz Hugener<\/p>\n","protected":false},"author":1,"featured_media":0,"parent":0,"menu_order":0,"comment_status":"closed","ping_status":"closed","template":"","meta":{"sns_share_botton_hide":"","vkExUnit_sns_title":"","_vk_print_noindex":"","sitemap_hide":"","vkExUnit_sitemap":"","_veu_custom_css":"","veu_display_promotion_alert":"hide","_exclude_from_list_pages":"","vkexunit_cta_each_option":"disable","vkExUnit_childPageIndex":"","vkExUnit_pageList_ancestor":"","vkExUnit_contact_enable":"","footnotes":""},"class_list":["post-3","page","type-page","status-publish","hentry"],"veu_head_title_object":{"title":"Datenschutz","add_site_title":""},"yoast_head":"<!-- This site is optimized with the Yoast SEO plugin v27.5 - https:\/\/yoast.com\/product\/yoast-seo-wordpress\/ -->\n<title>Datenschutz - Franz Hugener - pers\u00f6nlich<\/title>\n<meta name=\"robots\" content=\"noindex, follow, max-snippet:-1, max-image-preview:large, max-video-preview:-1\" \/>\n<meta property=\"og:locale\" content=\"de_DE\" \/>\n<meta property=\"og:type\" content=\"article\" \/>\n<meta property=\"og:title\" content=\"Datenschutz - Franz Hugener - pers\u00f6nlich\" \/>\n<meta property=\"og:description\" content=\"Who we are 1&nbsp;&nbsp;&nbsp;&nbsp;&nbsp;&nbsp;&nbsp; Identit\u00e4t und die Kontaktdaten des Verantwortlichen Der Verantwortliche im Sinne des DSG ist die: Franz Hugener\" \/>\n<meta property=\"og:url\" content=\"https:\/\/franz-hugener.ch\/?page_id=3\" \/>\n<meta property=\"og:site_name\" content=\"Franz Hugener - pers\u00f6nlich\" \/>\n<meta property=\"article:modified_time\" content=\"2025-04-16T20:03:07+00:00\" \/>\n<meta name=\"twitter:card\" content=\"summary_large_image\" \/>\n<meta name=\"twitter:label1\" content=\"Gesch\u00e4tzte Lesezeit\" \/>\n\t<meta name=\"twitter:data1\" content=\"9\u00a0Minuten\" \/>\n<script type=\"application\/ld+json\" class=\"yoast-schema-graph\">{\"@context\":\"https:\\\/\\\/schema.org\",\"@graph\":[{\"@type\":\"WebPage\",\"@id\":\"https:\\\/\\\/franz-hugener.ch\\\/?page_id=3\",\"url\":\"https:\\\/\\\/franz-hugener.ch\\\/?page_id=3\",\"name\":\"Datenschutz - Franz Hugener - pers\u00f6nlich\",\"isPartOf\":{\"@id\":\"https:\\\/\\\/franz-hugener.ch\\\/#website\"},\"datePublished\":\"2024-07-24T17:18:46+00:00\",\"dateModified\":\"2025-04-16T20:03:07+00:00\",\"breadcrumb\":{\"@id\":\"https:\\\/\\\/franz-hugener.ch\\\/?page_id=3#breadcrumb\"},\"inLanguage\":\"de\",\"potentialAction\":[{\"@type\":\"ReadAction\",\"target\":[\"https:\\\/\\\/franz-hugener.ch\\\/?page_id=3\"]}]},{\"@type\":\"BreadcrumbList\",\"@id\":\"https:\\\/\\\/franz-hugener.ch\\\/?page_id=3#breadcrumb\",\"itemListElement\":[{\"@type\":\"ListItem\",\"position\":1,\"name\":\"Startseite\",\"item\":\"https:\\\/\\\/franz-hugener.ch\\\/\"},{\"@type\":\"ListItem\",\"position\":2,\"name\":\"Datenschutz\"}]},{\"@type\":\"WebSite\",\"@id\":\"https:\\\/\\\/franz-hugener.ch\\\/#website\",\"url\":\"https:\\\/\\\/franz-hugener.ch\\\/\",\"name\":\"Franz Hugener - pers\u00f6nlich\",\"description\":\"\",\"potentialAction\":[{\"@type\":\"SearchAction\",\"target\":{\"@type\":\"EntryPoint\",\"urlTemplate\":\"https:\\\/\\\/franz-hugener.ch\\\/?s={search_term_string}\"},\"query-input\":{\"@type\":\"PropertyValueSpecification\",\"valueRequired\":true,\"valueName\":\"search_term_string\"}}],\"inLanguage\":\"de\"}]}<\/script>\n<!-- \/ Yoast SEO plugin. -->","yoast_head_json":{"title":"Datenschutz - Franz Hugener - pers\u00f6nlich","robots":{"index":"noindex","follow":"follow","max-snippet":"max-snippet:-1","max-image-preview":"max-image-preview:large","max-video-preview":"max-video-preview:-1"},"og_locale":"de_DE","og_type":"article","og_title":"Datenschutz - Franz Hugener - pers\u00f6nlich","og_description":"Who we are 1&nbsp;&nbsp;&nbsp;&nbsp;&nbsp;&nbsp;&nbsp; Identit\u00e4t und die Kontaktdaten des Verantwortlichen Der Verantwortliche im Sinne des DSG ist die: Franz Hugener","og_url":"https:\/\/franz-hugener.ch\/?page_id=3","og_site_name":"Franz Hugener - pers\u00f6nlich","article_modified_time":"2025-04-16T20:03:07+00:00","twitter_card":"summary_large_image","twitter_misc":{"Gesch\u00e4tzte Lesezeit":"9\u00a0Minuten"},"schema":{"@context":"https:\/\/schema.org","@graph":[{"@type":"WebPage","@id":"https:\/\/franz-hugener.ch\/?page_id=3","url":"https:\/\/franz-hugener.ch\/?page_id=3","name":"Datenschutz - Franz Hugener - pers\u00f6nlich","isPartOf":{"@id":"https:\/\/franz-hugener.ch\/#website"},"datePublished":"2024-07-24T17:18:46+00:00","dateModified":"2025-04-16T20:03:07+00:00","breadcrumb":{"@id":"https:\/\/franz-hugener.ch\/?page_id=3#breadcrumb"},"inLanguage":"de","potentialAction":[{"@type":"ReadAction","target":["https:\/\/franz-hugener.ch\/?page_id=3"]}]},{"@type":"BreadcrumbList","@id":"https:\/\/franz-hugener.ch\/?page_id=3#breadcrumb","itemListElement":[{"@type":"ListItem","position":1,"name":"Startseite","item":"https:\/\/franz-hugener.ch\/"},{"@type":"ListItem","position":2,"name":"Datenschutz"}]},{"@type":"WebSite","@id":"https:\/\/franz-hugener.ch\/#website","url":"https:\/\/franz-hugener.ch\/","name":"Franz Hugener - pers\u00f6nlich","description":"","potentialAction":[{"@type":"SearchAction","target":{"@type":"EntryPoint","urlTemplate":"https:\/\/franz-hugener.ch\/?s={search_term_string}"},"query-input":{"@type":"PropertyValueSpecification","valueRequired":true,"valueName":"search_term_string"}}],"inLanguage":"de"}]}},"_links":{"self":[{"href":"https:\/\/franz-hugener.ch\/index.php?rest_route=\/wp\/v2\/pages\/3","targetHints":{"allow":["GET"]}}],"collection":[{"href":"https:\/\/franz-hugener.ch\/index.php?rest_route=\/wp\/v2\/pages"}],"about":[{"href":"https:\/\/franz-hugener.ch\/index.php?rest_route=\/wp\/v2\/types\/page"}],"author":[{"embeddable":true,"href":"https:\/\/franz-hugener.ch\/index.php?rest_route=\/wp\/v2\/users\/1"}],"replies":[{"embeddable":true,"href":"https:\/\/franz-hugener.ch\/index.php?rest_route=%2Fwp%2Fv2%2Fcomments&post=3"}],"version-history":[{"count":3,"href":"https:\/\/franz-hugener.ch\/index.php?rest_route=\/wp\/v2\/pages\/3\/revisions"}],"predecessor-version":[{"id":122,"href":"https:\/\/franz-hugener.ch\/index.php?rest_route=\/wp\/v2\/pages\/3\/revisions\/122"}],"wp:attachment":[{"href":"https:\/\/franz-hugener.ch\/index.php?rest_route=%2Fwp%2Fv2%2Fmedia&parent=3"}],"curies":[{"name":"wp","href":"https:\/\/api.w.org\/{rel}","templated":true}]}}